{"id":193,"date":"2022-02-05T18:49:27","date_gmt":"2022-02-05T18:49:27","guid":{"rendered":"https:\/\/www.uroda.beskidy.pl\/?page_id=193"},"modified":"2023-11-16T22:15:59","modified_gmt":"2023-11-16T22:15:59","slug":"galeria","status":"publish","type":"page","link":"https:\/\/www.uroda.beskidy.pl\/index.php\/galeria\/","title":{"rendered":"Paznokcie"},"content":{"rendered":"\n<p class=\"has-text-color\" style=\"color:#9f3377\">Zadbane d\u0142onie i paznokcie to nie tylko Twoja wizyt\u00f3wka! To r\u00f3wnie\u017c dobre samopoczucie oraz pewno\u015b\u0107 siebie.<\/p>\n\n\n\n<figure class=\"wp-block-gallery columns-3 is-cropped\"><ul class=\"blocks-gallery-grid\"><li class=\"blocks-gallery-item\"><figure><img loading=\"lazy\" width=\"819\" height=\"1024\" src=\"https:\/\/www.uroda.beskidy.pl\/wp-content\/uploads\/2023\/11\/8FEB1664-C19C-4F20-AFD1-9227DDE27BBD-819x1024.jpg\" alt=\"\" data-id=\"400\" data-link=\"https:\/\/www.uroda.beskidy.pl\/index.php\/galeria\/8feb1664-c19c-4f20-afd1-9227dde27bbd\/\" class=\"wp-image-400\" srcset=\"https:\/\/www.uroda.beskidy.pl\/wp-content\/uploads\/2023\/11\/8FEB1664-C19C-4F20-AFD1-9227DDE27BBD-819x1024.jpg 819w, https:\/\/www.uroda.beskidy.pl\/wp-content\/uploads\/2023\/11\/8FEB1664-C19C-4F20-AFD1-9227DDE27BBD-240x300.jpg 240w, https:\/\/www.uroda.beskidy.pl\/wp-content\/uploads\/2023\/11\/8FEB1664-C19C-4F20-AFD1-9227DDE27BBD-768x960.jpg 768w, https:\/\/www.uroda.beskidy.pl\/wp-content\/uploads\/2023\/11\/8FEB1664-C19C-4F20-AFD1-9227DDE27BBD-1229x1536.jpg 1229w, https:\/\/www.uroda.beskidy.pl\/wp-content\/uploads\/2023\/11\/8FEB1664-C19C-4F20-AFD1-9227DDE27BBD-1638x2048.jpg 1638w, https:\/\/www.uroda.beskidy.pl\/wp-content\/uploads\/2023\/11\/8FEB1664-C19C-4F20-AFD1-9227DDE27BBD.jpg 1796w\" sizes=\"(max-width: 767px) 89vw, (max-width: 1000px) 54vw, (max-width: 1071px) 543px, 580px\" \/><\/figure><\/li><li class=\"blocks-gallery-item\"><figure><img loading=\"lazy\" width=\"1002\" height=\"1024\" src=\"https:\/\/www.uroda.beskidy.pl\/wp-content\/uploads\/2023\/11\/IMG_1987-1002x1024.jpg\" alt=\"\" data-id=\"403\" data-link=\"https:\/\/www.uroda.beskidy.pl\/index.php\/galeria\/img_1987\/\" class=\"wp-image-403\" srcset=\"https:\/\/www.uroda.beskidy.pl\/wp-content\/uploads\/2023\/11\/IMG_1987-1002x1024.jpg 1002w, https:\/\/www.uroda.beskidy.pl\/wp-content\/uploads\/2023\/11\/IMG_1987-294x300.jpg 294w, https:\/\/www.uroda.beskidy.pl\/wp-content\/uploads\/2023\/11\/IMG_1987-768x785.jpg 768w, https:\/\/www.uroda.beskidy.pl\/wp-content\/uploads\/2023\/11\/IMG_1987-1503x1536.jpg 1503w, https:\/\/www.uroda.beskidy.pl\/wp-content\/uploads\/2023\/11\/IMG_1987-2004x2048.jpg 2004w\" sizes=\"(max-width: 767px) 89vw, (max-width: 1000px) 54vw, (max-width: 1071px) 543px, 580px\" \/><\/figure><\/li><li class=\"blocks-gallery-item\"><figure><img loading=\"lazy\" width=\"934\" height=\"1024\" src=\"https:\/\/www.uroda.beskidy.pl\/wp-content\/uploads\/2023\/02\/img_20221222_102001_512-934x1024.jpg\" alt=\"\" data-id=\"328\" data-link=\"https:\/\/www.uroda.beskidy.pl\/index.php\/kontakt\/img_20221222_102001_512\/\" class=\"wp-image-328\" srcset=\"https:\/\/www.uroda.beskidy.pl\/wp-content\/uploads\/2023\/02\/img_20221222_102001_512-934x1024.jpg 934w, https:\/\/www.uroda.beskidy.pl\/wp-content\/uploads\/2023\/02\/img_20221222_102001_512-274x300.jpg 274w, https:\/\/www.uroda.beskidy.pl\/wp-content\/uploads\/2023\/02\/img_20221222_102001_512-768x842.jpg 768w, https:\/\/www.uroda.beskidy.pl\/wp-content\/uploads\/2023\/02\/img_20221222_102001_512-1401x1536.jpg 1401w, https:\/\/www.uroda.beskidy.pl\/wp-content\/uploads\/2023\/02\/img_20221222_102001_512-1868x2048.jpg 1868w\" sizes=\"(max-width: 767px) 89vw, (max-width: 1000px) 54vw, (max-width: 1071px) 543px, 580px\" \/><\/figure><\/li><li class=\"blocks-gallery-item\"><figure><img loading=\"lazy\" width=\"999\" height=\"1024\" src=\"https:\/\/www.uroda.beskidy.pl\/wp-content\/uploads\/2022\/02\/1644308086112-999x1024.jpg\" alt=\"\" data-id=\"286\" data-link=\"https:\/\/www.uroda.beskidy.pl\/index.php\/galeria\/attachment\/1644308086112\/\" class=\"wp-image-286\" srcset=\"https:\/\/www.uroda.beskidy.pl\/wp-content\/uploads\/2022\/02\/1644308086112-999x1024.jpg 999w, https:\/\/www.uroda.beskidy.pl\/wp-content\/uploads\/2022\/02\/1644308086112-293x300.jpg 293w, https:\/\/www.uroda.beskidy.pl\/wp-content\/uploads\/2022\/02\/1644308086112-768x788.jpg 768w, https:\/\/www.uroda.beskidy.pl\/wp-content\/uploads\/2022\/02\/1644308086112-1498x1536.jpg 1498w, https:\/\/www.uroda.beskidy.pl\/wp-content\/uploads\/2022\/02\/1644308086112-1997x2048.jpg 1997w\" sizes=\"(max-width: 767px) 89vw, (max-width: 1000px) 54vw, (max-width: 1071px) 543px, 580px\" \/><\/figure><\/li><li class=\"blocks-gallery-item\"><figure><img loading=\"lazy\" width=\"768\" height=\"1024\" src=\"https:\/\/www.uroda.beskidy.pl\/wp-content\/uploads\/2023\/11\/IMG_1811-768x1024.jpg\" alt=\"\" data-id=\"402\" data-link=\"https:\/\/www.uroda.beskidy.pl\/index.php\/galeria\/img_1811\/\" class=\"wp-image-402\" srcset=\"https:\/\/www.uroda.beskidy.pl\/wp-content\/uploads\/2023\/11\/IMG_1811-768x1024.jpg 768w, https:\/\/www.uroda.beskidy.pl\/wp-content\/uploads\/2023\/11\/IMG_1811-225x300.jpg 225w, https:\/\/www.uroda.beskidy.pl\/wp-content\/uploads\/2023\/11\/IMG_1811-1152x1536.jpg 1152w, https:\/\/www.uroda.beskidy.pl\/wp-content\/uploads\/2023\/11\/IMG_1811-1536x2048.jpg 1536w, https:\/\/www.uroda.beskidy.pl\/wp-content\/uploads\/2023\/11\/IMG_1811-scaled.jpg 1920w\" sizes=\"(max-width: 767px) 89vw, (max-width: 1000px) 54vw, (max-width: 1071px) 543px, 580px\" \/><\/figure><\/li><li class=\"blocks-gallery-item\"><figure><img loading=\"lazy\" width=\"768\" height=\"1024\" src=\"https:\/\/www.uroda.beskidy.pl\/wp-content\/uploads\/2023\/11\/IMG_1634-768x1024.jpg\" alt=\"\" data-id=\"401\" data-link=\"https:\/\/www.uroda.beskidy.pl\/index.php\/galeria\/img_1634\/\" class=\"wp-image-401\" srcset=\"https:\/\/www.uroda.beskidy.pl\/wp-content\/uploads\/2023\/11\/IMG_1634-768x1024.jpg 768w, https:\/\/www.uroda.beskidy.pl\/wp-content\/uploads\/2023\/11\/IMG_1634-225x300.jpg 225w, https:\/\/www.uroda.beskidy.pl\/wp-content\/uploads\/2023\/11\/IMG_1634-1152x1536.jpg 1152w, https:\/\/www.uroda.beskidy.pl\/wp-content\/uploads\/2023\/11\/IMG_1634-1536x2048.jpg 1536w, https:\/\/www.uroda.beskidy.pl\/wp-content\/uploads\/2023\/11\/IMG_1634-scaled.jpg 1920w\" sizes=\"(max-width: 767px) 89vw, (max-width: 1000px) 54vw, (max-width: 1071px) 543px, 580px\" \/><\/figure><\/li><li class=\"blocks-gallery-item\"><figure><img loading=\"lazy\" width=\"1024\" height=\"1024\" src=\"https:\/\/www.uroda.beskidy.pl\/wp-content\/uploads\/2023\/02\/img_20221206_075550_451-1024x1024.jpg\" alt=\"\" data-id=\"327\" data-link=\"https:\/\/www.uroda.beskidy.pl\/index.php\/kontakt\/img_20221206_075550_451\/\" class=\"wp-image-327\" srcset=\"https:\/\/www.uroda.beskidy.pl\/wp-content\/uploads\/2023\/02\/img_20221206_075550_451-1024x1024.jpg 1024w, https:\/\/www.uroda.beskidy.pl\/wp-content\/uploads\/2023\/02\/img_20221206_075550_451-300x300.jpg 300w, https:\/\/www.uroda.beskidy.pl\/wp-content\/uploads\/2023\/02\/img_20221206_075550_451-150x150.jpg 150w, https:\/\/www.uroda.beskidy.pl\/wp-content\/uploads\/2023\/02\/img_20221206_075550_451-768x768.jpg 768w, https:\/\/www.uroda.beskidy.pl\/wp-content\/uploads\/2023\/02\/img_20221206_075550_451-1536x1536.jpg 1536w, https:\/\/www.uroda.beskidy.pl\/wp-content\/uploads\/2023\/02\/img_20221206_075550_451-2048x2048.jpg 2048w, https:\/\/www.uroda.beskidy.pl\/wp-content\/uploads\/2023\/02\/img_20221206_075550_451-100x100.jpg 100w\" sizes=\"(max-width: 767px) 89vw, (max-width: 1000px) 54vw, (max-width: 1071px) 543px, 580px\" \/><\/figure><\/li><li class=\"blocks-gallery-item\"><figure><img loading=\"lazy\" width=\"760\" height=\"986\" src=\"https:\/\/www.uroda.beskidy.pl\/wp-content\/uploads\/2022\/02\/1644308817237.jpg\" alt=\"\" data-id=\"280\" data-link=\"https:\/\/www.uroda.beskidy.pl\/index.php\/galeria\/attachment\/1644308817237\/\" class=\"wp-image-280\" srcset=\"https:\/\/www.uroda.beskidy.pl\/wp-content\/uploads\/2022\/02\/1644308817237.jpg 760w, https:\/\/www.uroda.beskidy.pl\/wp-content\/uploads\/2022\/02\/1644308817237-231x300.jpg 231w\" sizes=\"(max-width: 706px) 89vw, (max-width: 767px) 82vw, 740px\" \/><\/figure><\/li><li class=\"blocks-gallery-item\"><figure><img loading=\"lazy\" width=\"768\" height=\"1024\" src=\"https:\/\/www.uroda.beskidy.pl\/wp-content\/uploads\/2022\/02\/1644308817248-768x1024.jpg\" alt=\"\" data-id=\"281\" data-link=\"https:\/\/www.uroda.beskidy.pl\/index.php\/galeria\/attachment\/1644308817248\/\" class=\"wp-image-281\" srcset=\"https:\/\/www.uroda.beskidy.pl\/wp-content\/uploads\/2022\/02\/1644308817248-768x1024.jpg 768w, https:\/\/www.uroda.beskidy.pl\/wp-content\/uploads\/2022\/02\/1644308817248-225x300.jpg 225w, https:\/\/www.uroda.beskidy.pl\/wp-content\/uploads\/2022\/02\/1644308817248-1152x1536.jpg 1152w, https:\/\/www.uroda.beskidy.pl\/wp-content\/uploads\/2022\/02\/1644308817248-1536x2048.jpg 1536w, https:\/\/www.uroda.beskidy.pl\/wp-content\/uploads\/2022\/02\/1644308817248-scaled.jpg 1920w\" sizes=\"(max-width: 767px) 89vw, (max-width: 1000px) 54vw, (max-width: 1071px) 543px, 580px\" \/><\/figure><\/li><li class=\"blocks-gallery-item\"><figure><img loading=\"lazy\" width=\"1024\" height=\"1024\" src=\"https:\/\/www.uroda.beskidy.pl\/wp-content\/uploads\/2022\/02\/1644308086158-1024x1024.jpg\" alt=\"\" data-id=\"277\" data-link=\"https:\/\/www.uroda.beskidy.pl\/index.php\/galeria\/attachment\/1644308086158\/\" class=\"wp-image-277\" srcset=\"https:\/\/www.uroda.beskidy.pl\/wp-content\/uploads\/2022\/02\/1644308086158-1024x1024.jpg 1024w, https:\/\/www.uroda.beskidy.pl\/wp-content\/uploads\/2022\/02\/1644308086158-300x300.jpg 300w, https:\/\/www.uroda.beskidy.pl\/wp-content\/uploads\/2022\/02\/1644308086158-150x150.jpg 150w, https:\/\/www.uroda.beskidy.pl\/wp-content\/uploads\/2022\/02\/1644308086158-768x768.jpg 768w, https:\/\/www.uroda.beskidy.pl\/wp-content\/uploads\/2022\/02\/1644308086158-1536x1536.jpg 1536w, https:\/\/www.uroda.beskidy.pl\/wp-content\/uploads\/2022\/02\/1644308086158-2048x2048.jpg 2048w, https:\/\/www.uroda.beskidy.pl\/wp-content\/uploads\/2022\/02\/1644308086158-100x100.jpg 100w\" sizes=\"(max-width: 767px) 89vw, (max-width: 1000px) 54vw, (max-width: 1071px) 543px, 580px\" \/><\/figure><\/li><li class=\"blocks-gallery-item\"><figure><img loading=\"lazy\" width=\"1024\" height=\"1012\" src=\"https:\/\/www.uroda.beskidy.pl\/wp-content\/uploads\/2022\/02\/1644308086169-1024x1012.jpg\" alt=\"\" data-id=\"278\" data-link=\"https:\/\/www.uroda.beskidy.pl\/index.php\/galeria\/attachment\/1644308086169\/\" class=\"wp-image-278\" srcset=\"https:\/\/www.uroda.beskidy.pl\/wp-content\/uploads\/2022\/02\/1644308086169-1024x1012.jpg 1024w, https:\/\/www.uroda.beskidy.pl\/wp-content\/uploads\/2022\/02\/1644308086169-300x296.jpg 300w, https:\/\/www.uroda.beskidy.pl\/wp-content\/uploads\/2022\/02\/1644308086169-768x759.jpg 768w, https:\/\/www.uroda.beskidy.pl\/wp-content\/uploads\/2022\/02\/1644308086169-1536x1518.jpg 1536w, https:\/\/www.uroda.beskidy.pl\/wp-content\/uploads\/2022\/02\/1644308086169-2048x2024.jpg 2048w, https:\/\/www.uroda.beskidy.pl\/wp-content\/uploads\/2022\/02\/1644308086169-100x100.jpg 100w\" sizes=\"(max-width: 767px) 89vw, (max-width: 1000px) 54vw, (max-width: 1071px) 543px, 580px\" \/><\/figure><\/li><li class=\"blocks-gallery-item\"><figure><img loading=\"lazy\" width=\"1024\" height=\"989\" src=\"https:\/\/www.uroda.beskidy.pl\/wp-content\/uploads\/2022\/02\/1644308516108-1024x989.jpg\" alt=\"\" data-id=\"279\" data-link=\"https:\/\/www.uroda.beskidy.pl\/index.php\/galeria\/attachment\/1644308516108\/\" class=\"wp-image-279\" srcset=\"https:\/\/www.uroda.beskidy.pl\/wp-content\/uploads\/2022\/02\/1644308516108-1024x989.jpg 1024w, https:\/\/www.uroda.beskidy.pl\/wp-content\/uploads\/2022\/02\/1644308516108-300x290.jpg 300w, https:\/\/www.uroda.beskidy.pl\/wp-content\/uploads\/2022\/02\/1644308516108-768x742.jpg 768w, https:\/\/www.uroda.beskidy.pl\/wp-content\/uploads\/2022\/02\/1644308516108-1536x1483.jpg 1536w, https:\/\/www.uroda.beskidy.pl\/wp-content\/uploads\/2022\/02\/1644308516108-2048x1978.jpg 2048w\" sizes=\"(max-width: 767px) 89vw, (max-width: 1000px) 54vw, (max-width: 1071px) 543px, 580px\" \/><\/figure><\/li><li class=\"blocks-gallery-item\"><figure><img loading=\"lazy\" width=\"1024\" height=\"1024\" src=\"https:\/\/www.uroda.beskidy.pl\/wp-content\/uploads\/2022\/02\/1644308086081-1024x1024.jpg\" alt=\"\" data-id=\"284\" data-link=\"https:\/\/www.uroda.beskidy.pl\/index.php\/galeria\/attachment\/1644308086081\/\" class=\"wp-image-284\" srcset=\"https:\/\/www.uroda.beskidy.pl\/wp-content\/uploads\/2022\/02\/1644308086081-1024x1024.jpg 1024w, https:\/\/www.uroda.beskidy.pl\/wp-content\/uploads\/2022\/02\/1644308086081-300x300.jpg 300w, https:\/\/www.uroda.beskidy.pl\/wp-content\/uploads\/2022\/02\/1644308086081-150x150.jpg 150w, https:\/\/www.uroda.beskidy.pl\/wp-content\/uploads\/2022\/02\/1644308086081-768x768.jpg 768w, https:\/\/www.uroda.beskidy.pl\/wp-content\/uploads\/2022\/02\/1644308086081-1536x1536.jpg 1536w, https:\/\/www.uroda.beskidy.pl\/wp-content\/uploads\/2022\/02\/1644308086081-2048x2048.jpg 2048w, https:\/\/www.uroda.beskidy.pl\/wp-content\/uploads\/2022\/02\/1644308086081-100x100.jpg 100w\" sizes=\"(max-width: 767px) 89vw, (max-width: 1000px) 54vw, (max-width: 1071px) 543px, 580px\" \/><\/figure><\/li><li class=\"blocks-gallery-item\"><figure><img loading=\"lazy\" width=\"1001\" height=\"1024\" src=\"https:\/\/www.uroda.beskidy.pl\/wp-content\/uploads\/2022\/02\/1644308086091-1001x1024.jpg\" alt=\"\" data-id=\"285\" data-link=\"https:\/\/www.uroda.beskidy.pl\/index.php\/galeria\/attachment\/1644308086091\/\" class=\"wp-image-285\" srcset=\"https:\/\/www.uroda.beskidy.pl\/wp-content\/uploads\/2022\/02\/1644308086091-1001x1024.jpg 1001w, https:\/\/www.uroda.beskidy.pl\/wp-content\/uploads\/2022\/02\/1644308086091-293x300.jpg 293w, https:\/\/www.uroda.beskidy.pl\/wp-content\/uploads\/2022\/02\/1644308086091-768x785.jpg 768w, https:\/\/www.uroda.beskidy.pl\/wp-content\/uploads\/2022\/02\/1644308086091-1502x1536.jpg 1502w, https:\/\/www.uroda.beskidy.pl\/wp-content\/uploads\/2022\/02\/1644308086091-2003x2048.jpg 2003w\" sizes=\"(max-width: 767px) 89vw, (max-width: 1000px) 54vw, (max-width: 1071px) 543px, 580px\" \/><\/figure><\/li><li class=\"blocks-gallery-item\"><figure><img loading=\"lazy\" width=\"748\" height=\"1024\" src=\"https:\/\/www.uroda.beskidy.pl\/wp-content\/uploads\/2022\/02\/img_20220118_144222_edit_47684047819284-748x1024.jpg\" alt=\"\" data-id=\"217\" data-link=\"https:\/\/www.uroda.beskidy.pl\/index.php\/galeria\/oznorcobr\/\" class=\"wp-image-217\" srcset=\"https:\/\/www.uroda.beskidy.pl\/wp-content\/uploads\/2022\/02\/img_20220118_144222_edit_47684047819284-748x1024.jpg 748w, https:\/\/www.uroda.beskidy.pl\/wp-content\/uploads\/2022\/02\/img_20220118_144222_edit_47684047819284-219x300.jpg 219w, https:\/\/www.uroda.beskidy.pl\/wp-content\/uploads\/2022\/02\/img_20220118_144222_edit_47684047819284-768x1052.jpg 768w, https:\/\/www.uroda.beskidy.pl\/wp-content\/uploads\/2022\/02\/img_20220118_144222_edit_47684047819284.jpg 1074w\" sizes=\"(max-width: 706px) 89vw, (max-width: 767px) 82vw, 740px\" \/><\/figure><\/li><li class=\"blocks-gallery-item\"><figure><img loading=\"lazy\" width=\"768\" height=\"1024\" src=\"https:\/\/www.uroda.beskidy.pl\/wp-content\/uploads\/2022\/02\/img_20220201_185414-768x1024.jpg\" alt=\"\" data-id=\"219\" data-link=\"https:\/\/www.uroda.beskidy.pl\/index.php\/galeria\/img_20220201_185414\/\" class=\"wp-image-219\" srcset=\"https:\/\/www.uroda.beskidy.pl\/wp-content\/uploads\/2022\/02\/img_20220201_185414-768x1024.jpg 768w, https:\/\/www.uroda.beskidy.pl\/wp-content\/uploads\/2022\/02\/img_20220201_185414-225x300.jpg 225w, https:\/\/www.uroda.beskidy.pl\/wp-content\/uploads\/2022\/02\/img_20220201_185414-1152x1536.jpg 1152w, https:\/\/www.uroda.beskidy.pl\/wp-content\/uploads\/2022\/02\/img_20220201_185414-1536x2048.jpg 1536w, https:\/\/www.uroda.beskidy.pl\/wp-content\/uploads\/2022\/02\/img_20220201_185414-scaled.jpg 1920w\" sizes=\"(max-width: 767px) 89vw, (max-width: 1000px) 54vw, (max-width: 1071px) 543px, 580px\" \/><\/figure><\/li><li class=\"blocks-gallery-item\"><figure><img loading=\"lazy\" width=\"783\" height=\"1024\" src=\"https:\/\/www.uroda.beskidy.pl\/wp-content\/uploads\/2022\/02\/1644308817271-783x1024.jpg\" alt=\"\" data-id=\"282\" data-link=\"https:\/\/www.uroda.beskidy.pl\/index.php\/galeria\/btr\/\" class=\"wp-image-282\" srcset=\"https:\/\/www.uroda.beskidy.pl\/wp-content\/uploads\/2022\/02\/1644308817271-783x1024.jpg 783w, https:\/\/www.uroda.beskidy.pl\/wp-content\/uploads\/2022\/02\/1644308817271-229x300.jpg 229w, https:\/\/www.uroda.beskidy.pl\/wp-content\/uploads\/2022\/02\/1644308817271-768x1005.jpg 768w, https:\/\/www.uroda.beskidy.pl\/wp-content\/uploads\/2022\/02\/1644308817271-1174x1536.jpg 1174w, https:\/\/www.uroda.beskidy.pl\/wp-content\/uploads\/2022\/02\/1644308817271-1565x2048.jpg 1565w, https:\/\/www.uroda.beskidy.pl\/wp-content\/uploads\/2022\/02\/1644308817271-scaled.jpg 1957w\" sizes=\"(max-width: 767px) 89vw, (max-width: 1000px) 54vw, (max-width: 1071px) 543px, 580px\" \/><\/figure><\/li><li class=\"blocks-gallery-item\"><figure><img loading=\"lazy\" width=\"867\" height=\"1024\" src=\"https:\/\/www.uroda.beskidy.pl\/wp-content\/uploads\/2022\/02\/1644308086122-867x1024.jpg\" alt=\"\" data-id=\"287\" data-link=\"https:\/\/www.uroda.beskidy.pl\/index.php\/galeria\/attachment\/1644308086122\/\" class=\"wp-image-287\" srcset=\"https:\/\/www.uroda.beskidy.pl\/wp-content\/uploads\/2022\/02\/1644308086122-867x1024.jpg 867w, https:\/\/www.uroda.beskidy.pl\/wp-content\/uploads\/2022\/02\/1644308086122-254x300.jpg 254w, https:\/\/www.uroda.beskidy.pl\/wp-content\/uploads\/2022\/02\/1644308086122-768x907.jpg 768w, https:\/\/www.uroda.beskidy.pl\/wp-content\/uploads\/2022\/02\/1644308086122-1300x1536.jpg 1300w, https:\/\/www.uroda.beskidy.pl\/wp-content\/uploads\/2022\/02\/1644308086122-1734x2048.jpg 1734w\" sizes=\"(max-width: 767px) 89vw, (max-width: 1000px) 54vw, (max-width: 1071px) 543px, 580px\" \/><\/figure><\/li><li class=\"blocks-gallery-item\"><figure><img loading=\"lazy\" width=\"768\" height=\"1024\" src=\"https:\/\/www.uroda.beskidy.pl\/wp-content\/uploads\/2022\/02\/img_20220201_171317-768x1024.jpg\" alt=\"\" data-id=\"218\" data-link=\"https:\/\/www.uroda.beskidy.pl\/index.php\/galeria\/img_20220201_171317\/\" class=\"wp-image-218\" srcset=\"https:\/\/www.uroda.beskidy.pl\/wp-content\/uploads\/2022\/02\/img_20220201_171317-768x1024.jpg 768w, https:\/\/www.uroda.beskidy.pl\/wp-content\/uploads\/2022\/02\/img_20220201_171317-225x300.jpg 225w, https:\/\/www.uroda.beskidy.pl\/wp-content\/uploads\/2022\/02\/img_20220201_171317-1152x1536.jpg 1152w, https:\/\/www.uroda.beskidy.pl\/wp-content\/uploads\/2022\/02\/img_20220201_171317-1536x2048.jpg 1536w, https:\/\/www.uroda.beskidy.pl\/wp-content\/uploads\/2022\/02\/img_20220201_171317-scaled.jpg 1920w\" sizes=\"(max-width: 767px) 89vw, (max-width: 1000px) 54vw, (max-width: 1071px) 543px, 580px\" \/><\/figure><\/li><li class=\"blocks-gallery-item\"><figure><img loading=\"lazy\" width=\"817\" height=\"1024\" src=\"https:\/\/www.uroda.beskidy.pl\/wp-content\/uploads\/2023\/11\/IMG_2104-817x1024.jpg\" alt=\"\" data-id=\"404\" data-full-url=\"https:\/\/www.uroda.beskidy.pl\/wp-content\/uploads\/2023\/11\/IMG_2104-scaled.jpg\" data-link=\"https:\/\/www.uroda.beskidy.pl\/index.php\/galeria\/img_2104\/\" class=\"wp-image-404\" srcset=\"https:\/\/www.uroda.beskidy.pl\/wp-content\/uploads\/2023\/11\/IMG_2104-817x1024.jpg 817w, https:\/\/www.uroda.beskidy.pl\/wp-content\/uploads\/2023\/11\/IMG_2104-239x300.jpg 239w, https:\/\/www.uroda.beskidy.pl\/wp-content\/uploads\/2023\/11\/IMG_2104-768x963.jpg 768w, https:\/\/www.uroda.beskidy.pl\/wp-content\/uploads\/2023\/11\/IMG_2104-1225x1536.jpg 1225w, https:\/\/www.uroda.beskidy.pl\/wp-content\/uploads\/2023\/11\/IMG_2104-1634x2048.jpg 1634w, https:\/\/www.uroda.beskidy.pl\/wp-content\/uploads\/2023\/11\/IMG_2104-scaled.jpg 2042w\" sizes=\"(max-width: 767px) 89vw, (max-width: 1000px) 54vw, (max-width: 1071px) 543px, 580px\" \/><\/figure><\/li><\/ul><\/figure>\n","protected":false},"excerpt":{"rendered":"<p>Zadbane d\u0142onie i paznokcie to nie tylko Twoja wizyt\u00f3wka! To r\u00f3wnie\u017c dobre samopoczucie oraz pewno\u015b\u0107 siebie.<\/p>\n","protected":false},"author":1,"featured_media":0,"parent":0,"menu_order":0,"comment_status":"closed","ping_status":"closed","template":"","meta":[],"_links":{"self":[{"href":"https:\/\/www.uroda.beskidy.pl\/index.php\/wp-json\/wp\/v2\/pages\/193"}],"collection":[{"href":"https:\/\/www.uroda.beskidy.pl\/index.php\/wp-json\/wp\/v2\/pages"}],"about":[{"href":"https:\/\/www.uroda.beskidy.pl\/index.php\/wp-json\/wp\/v2\/types\/page"}],"author":[{"embeddable":true,"href":"https:\/\/www.uroda.beskidy.pl\/index.php\/wp-json\/wp\/v2\/users\/1"}],"replies":[{"embeddable":true,"href":"https:\/\/www.uroda.beskidy.pl\/index.php\/wp-json\/wp\/v2\/comments?post=193"}],"version-history":[{"count":10,"href":"https:\/\/www.uroda.beskidy.pl\/index.php\/wp-json\/wp\/v2\/pages\/193\/revisions"}],"predecessor-version":[{"id":406,"href":"https:\/\/www.uroda.beskidy.pl\/index.php\/wp-json\/wp\/v2\/pages\/193\/revisions\/406"}],"wp:attachment":[{"href":"https:\/\/www.uroda.beskidy.pl\/index.php\/wp-json\/wp\/v2\/media?parent=193"}],"curies":[{"name":"wp","href":"https:\/\/api.w.org\/{rel}","templated":true}]}}