{"id":20,"date":"2020-08-15T19:34:46","date_gmt":"2020-08-15T19:34:46","guid":{"rendered":"https:\/\/uroda.beskidy.pl\/?page_id=20"},"modified":"2024-09-12T18:46:12","modified_gmt":"2024-09-12T18:46:12","slug":"o-nas","status":"publish","type":"page","link":"https:\/\/www.uroda.beskidy.pl\/index.php\/o-nas\/","title":{"rendered":""},"content":{"rendered":"\n<p class=\"has-text-color\" style=\"color:#a13479\">B\u0119dzie mi niezmiernie mi\u0142o pom\u00f3c Ci w tym procesie metamorfozy.<\/p>\n\n\n\n<p class=\"has-text-color\" style=\"color:#a13479\">Tel:            <strong><em>791762802<\/em><\/strong><\/p>\n","protected":false},"excerpt":{"rendered":"<p>B\u0119dzie mi niezmiernie mi\u0142o pom\u00f3c Ci w tym procesie metamorfozy. Tel: 791762802<\/p>\n","protected":false},"author":1,"featured_media":397,"parent":0,"menu_order":0,"comment_status":"closed","ping_status":"closed","template":"","meta":[],"_links":{"self":[{"href":"https:\/\/www.uroda.beskidy.pl\/index.php\/wp-json\/wp\/v2\/pages\/20"}],"collection":[{"href":"https:\/\/www.uroda.beskidy.pl\/index.php\/wp-json\/wp\/v2\/pages"}],"about":[{"href":"https:\/\/www.uroda.beskidy.pl\/index.php\/wp-json\/wp\/v2\/types\/page"}],"author":[{"embeddable":true,"href":"https:\/\/www.uroda.beskidy.pl\/index.php\/wp-json\/wp\/v2\/users\/1"}],"replies":[{"embeddable":true,"href":"https:\/\/www.uroda.beskidy.pl\/index.php\/wp-json\/wp\/v2\/comments?post=20"}],"version-history":[{"count":10,"href":"https:\/\/www.uroda.beskidy.pl\/index.php\/wp-json\/wp\/v2\/pages\/20\/revisions"}],"predecessor-version":[{"id":375,"href":"https:\/\/www.uroda.beskidy.pl\/index.php\/wp-json\/wp\/v2\/pages\/20\/revisions\/375"}],"wp:featuredmedia":[{"embeddable":true,"href":"https:\/\/www.uroda.beskidy.pl\/index.php\/wp-json\/wp\/v2\/media\/397"}],"wp:attachment":[{"href":"https:\/\/www.uroda.beskidy.pl\/index.php\/wp-json\/wp\/v2\/media?parent=20"}],"curies":[{"name":"wp","href":"https:\/\/api.w.org\/{rel}","templated":true}]}}