{"id":202,"date":"2022-02-05T19:20:57","date_gmt":"2022-02-05T19:20:57","guid":{"rendered":"https:\/\/www.uroda.beskidy.pl\/?page_id=202"},"modified":"2023-11-16T20:52:24","modified_gmt":"2023-11-16T20:52:24","slug":"zabiegi","status":"publish","type":"page","link":"https:\/\/www.uroda.beskidy.pl\/index.php\/zabiegi\/","title":{"rendered":"Zabiegi"},"content":{"rendered":"\n<p class=\"has-text-color\" style=\"color:#9f3377\">Podstaw\u0119 perfekcyjnego makija\u017cu stanowi zadbana cera. W moim studio wykonasz zabiegi takie jak: <\/p>\n\n\n\n<p class=\"has-text-color\" style=\"color:#9f3377\">wodorowe oczyszczanie twarzy <\/p>\n\n\n\n<p class=\"has-text-color\" style=\"color:#9f3377\">peeling kawitacyjny <\/p>\n\n\n\n<p class=\"has-text-color\" style=\"color:#9f3377\">maski algowe <\/p>\n\n\n\n<p class=\"has-text-color\" style=\"color:#9f3377\">lifting i laminacja brwi, rz\u0119s <\/p>\n\n\n\n<p class=\"has-text-color\" style=\"color:#9f3377\">henn\u0119<\/p>\n\n\n\n<p class=\"has-text-color\" style=\"color:#9f3377\">depilacj\u0119 woskiem<\/p>\n\n\n\n<p class=\"has-text-color\" style=\"color:#9f3377\"><br>Nie ma lepszej wizyt\u00f3wki kobiety ni\u017c zadbana, zdrowa cera. Pi\u0119kn\u0105 sk\u00f3r\u0119 uzyskasz dzi\u0119ki odpowiedniej piel\u0119gnacji.<\/p>\n\n\n\n<figure class=\"wp-block-gallery columns-3 is-cropped\"><ul class=\"blocks-gallery-grid\"><li class=\"blocks-gallery-item\"><figure><img loading=\"lazy\" width=\"1024\" height=\"1024\" src=\"https:\/\/www.uroda.beskidy.pl\/wp-content\/uploads\/2022\/02\/img_2022-02-27_12-18-16-1024x1024.jpg\" alt=\"\" data-id=\"302\" data-full-url=\"https:\/\/www.uroda.beskidy.pl\/wp-content\/uploads\/2022\/02\/img_2022-02-27_12-18-16.jpg\" data-link=\"https:\/\/www.uroda.beskidy.pl\/index.php\/zabiegi\/img_2022-02-27_12-18-16\/\" class=\"wp-image-302\" srcset=\"https:\/\/www.uroda.beskidy.pl\/wp-content\/uploads\/2022\/02\/img_2022-02-27_12-18-16-1024x1024.jpg 1024w, https:\/\/www.uroda.beskidy.pl\/wp-content\/uploads\/2022\/02\/img_2022-02-27_12-18-16-300x300.jpg 300w, https:\/\/www.uroda.beskidy.pl\/wp-content\/uploads\/2022\/02\/img_2022-02-27_12-18-16-150x150.jpg 150w, https:\/\/www.uroda.beskidy.pl\/wp-content\/uploads\/2022\/02\/img_2022-02-27_12-18-16-768x768.jpg 768w, https:\/\/www.uroda.beskidy.pl\/wp-content\/uploads\/2022\/02\/img_2022-02-27_12-18-16-100x100.jpg 100w, https:\/\/www.uroda.beskidy.pl\/wp-content\/uploads\/2022\/02\/img_2022-02-27_12-18-16.jpg 1080w\" sizes=\"(max-width: 767px) 89vw, (max-width: 1000px) 54vw, (max-width: 1071px) 543px, 580px\" \/><\/figure><\/li><li class=\"blocks-gallery-item\"><figure><img loading=\"lazy\" width=\"1024\" height=\"1024\" src=\"https:\/\/www.uroda.beskidy.pl\/wp-content\/uploads\/2022\/02\/img_2022-02-27_12-20-38-1024x1024.jpg\" alt=\"\" data-id=\"303\" data-full-url=\"https:\/\/www.uroda.beskidy.pl\/wp-content\/uploads\/2022\/02\/img_2022-02-27_12-20-38.jpg\" data-link=\"https:\/\/www.uroda.beskidy.pl\/index.php\/zabiegi\/img_2022-02-27_12-20-38\/\" class=\"wp-image-303\" srcset=\"https:\/\/www.uroda.beskidy.pl\/wp-content\/uploads\/2022\/02\/img_2022-02-27_12-20-38-1024x1024.jpg 1024w, https:\/\/www.uroda.beskidy.pl\/wp-content\/uploads\/2022\/02\/img_2022-02-27_12-20-38-300x300.jpg 300w, https:\/\/www.uroda.beskidy.pl\/wp-content\/uploads\/2022\/02\/img_2022-02-27_12-20-38-150x150.jpg 150w, https:\/\/www.uroda.beskidy.pl\/wp-content\/uploads\/2022\/02\/img_2022-02-27_12-20-38-768x768.jpg 768w, https:\/\/www.uroda.beskidy.pl\/wp-content\/uploads\/2022\/02\/img_2022-02-27_12-20-38-100x100.jpg 100w, https:\/\/www.uroda.beskidy.pl\/wp-content\/uploads\/2022\/02\/img_2022-02-27_12-20-38.jpg 1080w\" sizes=\"(max-width: 767px) 89vw, (max-width: 1000px) 54vw, (max-width: 1071px) 543px, 580px\" \/><\/figure><\/li><li class=\"blocks-gallery-item\"><figure><img loading=\"lazy\" width=\"1024\" height=\"1024\" src=\"https:\/\/www.uroda.beskidy.pl\/wp-content\/uploads\/2022\/02\/img_2022-02-27_12-22-27-1024x1024.jpg\" alt=\"\" data-id=\"304\" data-full-url=\"https:\/\/www.uroda.beskidy.pl\/wp-content\/uploads\/2022\/02\/img_2022-02-27_12-22-27.jpg\" data-link=\"https:\/\/www.uroda.beskidy.pl\/index.php\/zabiegi\/img_2022-02-27_12-22-27\/\" class=\"wp-image-304\" srcset=\"https:\/\/www.uroda.beskidy.pl\/wp-content\/uploads\/2022\/02\/img_2022-02-27_12-22-27-1024x1024.jpg 1024w, https:\/\/www.uroda.beskidy.pl\/wp-content\/uploads\/2022\/02\/img_2022-02-27_12-22-27-300x300.jpg 300w, https:\/\/www.uroda.beskidy.pl\/wp-content\/uploads\/2022\/02\/img_2022-02-27_12-22-27-150x150.jpg 150w, https:\/\/www.uroda.beskidy.pl\/wp-content\/uploads\/2022\/02\/img_2022-02-27_12-22-27-768x768.jpg 768w, https:\/\/www.uroda.beskidy.pl\/wp-content\/uploads\/2022\/02\/img_2022-02-27_12-22-27-100x100.jpg 100w, https:\/\/www.uroda.beskidy.pl\/wp-content\/uploads\/2022\/02\/img_2022-02-27_12-22-27.jpg 1080w\" sizes=\"(max-width: 767px) 89vw, (max-width: 1000px) 54vw, (max-width: 1071px) 543px, 580px\" \/><\/figure><\/li><li class=\"blocks-gallery-item\"><figure><img loading=\"lazy\" width=\"1024\" height=\"1024\" src=\"https:\/\/www.uroda.beskidy.pl\/wp-content\/uploads\/2022\/02\/img_2022-02-27_12-13-43-1024x1024.jpg\" alt=\"\" data-id=\"306\" data-full-url=\"https:\/\/www.uroda.beskidy.pl\/wp-content\/uploads\/2022\/02\/img_2022-02-27_12-13-43.jpg\" data-link=\"https:\/\/www.uroda.beskidy.pl\/index.php\/zabiegi\/img_2022-02-27_12-13-43\/\" class=\"wp-image-306\" srcset=\"https:\/\/www.uroda.beskidy.pl\/wp-content\/uploads\/2022\/02\/img_2022-02-27_12-13-43-1024x1024.jpg 1024w, https:\/\/www.uroda.beskidy.pl\/wp-content\/uploads\/2022\/02\/img_2022-02-27_12-13-43-300x300.jpg 300w, https:\/\/www.uroda.beskidy.pl\/wp-content\/uploads\/2022\/02\/img_2022-02-27_12-13-43-150x150.jpg 150w, https:\/\/www.uroda.beskidy.pl\/wp-content\/uploads\/2022\/02\/img_2022-02-27_12-13-43-768x768.jpg 768w, https:\/\/www.uroda.beskidy.pl\/wp-content\/uploads\/2022\/02\/img_2022-02-27_12-13-43-100x100.jpg 100w, https:\/\/www.uroda.beskidy.pl\/wp-content\/uploads\/2022\/02\/img_2022-02-27_12-13-43.jpg 1080w\" sizes=\"(max-width: 767px) 89vw, (max-width: 1000px) 54vw, (max-width: 1071px) 543px, 580px\" \/><\/figure><\/li><li class=\"blocks-gallery-item\"><figure><img loading=\"lazy\" width=\"1024\" height=\"1024\" src=\"https:\/\/www.uroda.beskidy.pl\/wp-content\/uploads\/2022\/02\/img_2022-02-27_12-15-59-1024x1024.jpg\" alt=\"\" data-id=\"307\" data-full-url=\"https:\/\/www.uroda.beskidy.pl\/wp-content\/uploads\/2022\/02\/img_2022-02-27_12-15-59.jpg\" data-link=\"https:\/\/www.uroda.beskidy.pl\/index.php\/zabiegi\/img_2022-02-27_12-15-59\/\" class=\"wp-image-307\" srcset=\"https:\/\/www.uroda.beskidy.pl\/wp-content\/uploads\/2022\/02\/img_2022-02-27_12-15-59-1024x1024.jpg 1024w, https:\/\/www.uroda.beskidy.pl\/wp-content\/uploads\/2022\/02\/img_2022-02-27_12-15-59-300x300.jpg 300w, https:\/\/www.uroda.beskidy.pl\/wp-content\/uploads\/2022\/02\/img_2022-02-27_12-15-59-150x150.jpg 150w, https:\/\/www.uroda.beskidy.pl\/wp-content\/uploads\/2022\/02\/img_2022-02-27_12-15-59-768x768.jpg 768w, https:\/\/www.uroda.beskidy.pl\/wp-content\/uploads\/2022\/02\/img_2022-02-27_12-15-59-100x100.jpg 100w, https:\/\/www.uroda.beskidy.pl\/wp-content\/uploads\/2022\/02\/img_2022-02-27_12-15-59.jpg 1080w\" sizes=\"(max-width: 767px) 89vw, (max-width: 1000px) 54vw, (max-width: 1071px) 543px, 580px\" \/><\/figure><\/li><\/ul><\/figure>\n","protected":false},"excerpt":{"rendered":"<p>Podstaw\u0119 perfekcyjnego makija\u017cu stanowi zadbana cera. W moim studio wykonasz zabiegi takie jak: wodorowe oczyszczanie twarzy peeling kawitacyjny maski algowe lifting i laminacja brwi, rz\u0119s henn\u0119 depilacj\u0119 woskiem Nie ma lepszej wizyt\u00f3wki kobiety ni\u017c zadbana, zdrowa cera. Pi\u0119kn\u0105 sk\u00f3r\u0119 uzyskasz dzi\u0119ki odpowiedniej piel\u0119gnacji.<\/p>\n","protected":false},"author":1,"featured_media":0,"parent":0,"menu_order":0,"comment_status":"closed","ping_status":"closed","template":"","meta":[],"_links":{"self":[{"href":"https:\/\/www.uroda.beskidy.pl\/index.php\/wp-json\/wp\/v2\/pages\/202"}],"collection":[{"href":"https:\/\/www.uroda.beskidy.pl\/index.php\/wp-json\/wp\/v2\/pages"}],"about":[{"href":"https:\/\/www.uroda.beskidy.pl\/index.php\/wp-json\/wp\/v2\/types\/page"}],"author":[{"embeddable":true,"href":"https:\/\/www.uroda.beskidy.pl\/index.php\/wp-json\/wp\/v2\/users\/1"}],"replies":[{"embeddable":true,"href":"https:\/\/www.uroda.beskidy.pl\/index.php\/wp-json\/wp\/v2\/comments?post=202"}],"version-history":[{"count":7,"href":"https:\/\/www.uroda.beskidy.pl\/index.php\/wp-json\/wp\/v2\/pages\/202\/revisions"}],"predecessor-version":[{"id":381,"href":"https:\/\/www.uroda.beskidy.pl\/index.php\/wp-json\/wp\/v2\/pages\/202\/revisions\/381"}],"wp:attachment":[{"href":"https:\/\/www.uroda.beskidy.pl\/index.php\/wp-json\/wp\/v2\/media?parent=202"}],"curies":[{"name":"wp","href":"https:\/\/api.w.org\/{rel}","templated":true}]}}