{"id":408,"date":"2023-11-16T22:29:03","date_gmt":"2023-11-16T22:29:03","guid":{"rendered":"https:\/\/www.uroda.beskidy.pl\/?page_id=408"},"modified":"2023-11-16T22:33:33","modified_gmt":"2023-11-16T22:33:33","slug":"zapisy","status":"publish","type":"page","link":"https:\/\/www.uroda.beskidy.pl\/index.php\/zapisy\/","title":{"rendered":"Zapisy"},"content":{"rendered":"\n<figure class=\"wp-block-image size-large\"><img loading=\"lazy\" width=\"681\" height=\"1024\" src=\"https:\/\/www.uroda.beskidy.pl\/wp-content\/uploads\/2023\/11\/IMG_1494-1-681x1024.jpg\" alt=\"\" class=\"wp-image-409\" srcset=\"https:\/\/www.uroda.beskidy.pl\/wp-content\/uploads\/2023\/11\/IMG_1494-1-681x1024.jpg 681w, https:\/\/www.uroda.beskidy.pl\/wp-content\/uploads\/2023\/11\/IMG_1494-1-200x300.jpg 200w, https:\/\/www.uroda.beskidy.pl\/wp-content\/uploads\/2023\/11\/IMG_1494-1-768x1154.jpg 768w, https:\/\/www.uroda.beskidy.pl\/wp-content\/uploads\/2023\/11\/IMG_1494-1-1022x1536.jpg 1022w, https:\/\/www.uroda.beskidy.pl\/wp-content\/uploads\/2023\/11\/IMG_1494-1-1363x2048.jpg 1363w, https:\/\/www.uroda.beskidy.pl\/wp-content\/uploads\/2023\/11\/IMG_1494-1-scaled.jpg 1703w\" sizes=\"(max-width: 681px) 100vw, 681px\" \/><\/figure>\n\n\n\n<p class=\"has-text-color\" style=\"color:#9f3377\">W celu rezerwacji napisz do mnie wiadomo\u015b\u0107<\/p>\n\n\n\n<p class=\"has-text-color\" style=\"color:#9f3377\"> <strong><em><a href=\"https:\/\/www.instagram.com\/malowane.beskidy\/\" target=\"_blank\" rel=\"noreferrer noopener\">Istagram<\/a><\/em><\/strong>, <strong><em><a href=\"https:\/\/www.facebook.com\/VanillaMakeUpMWJakubiec\" target=\"_blank\" rel=\"noreferrer noopener\">Facebook<\/a><\/em><\/strong>, telefon <strong><em>791762802<\/em><\/strong> lub mail <em><strong>wjakubiecmarzena@gmail.com<\/strong><\/em><\/p>\n\n\n\n<p class=\"has-text-color\" style=\"color:#9f3377\">w tre\u015bci wiadomo\u015bci podaj:<\/p>\n\n\n\n<p class=\"has-text-color\" style=\"color:#9f3377\">-imi\u0119 i nazwisko<\/p>\n\n\n\n<p class=\"has-text-color\" style=\"color:#9f3377\">&#8211; numer telefonu <\/p>\n\n\n\n<p class=\"has-text-color\" style=\"color:#9f3377\">-data \u015blubu <\/p>\n\n\n\n<p class=\"has-text-color\" style=\"color:#9f3377\">-miejsce przygotowa\u0144 <\/p>\n\n\n\n<p class=\"has-text-color\" style=\"color:#9f3377\">-godzin\u0119 \u015blubu <\/p>\n\n\n\n<p class=\"has-text-color\" style=\"color:#9f3377\">a ja najszybciej jak to mo\u017cliwe skontaktuj\u0119 si\u0119 z Tob\u0105 w celu ustalenia szczeg\u00f3\u0142\u00f3w<\/p>\n","protected":false},"excerpt":{"rendered":"<p>W celu rezerwacji napisz do mnie wiadomo\u015b\u0107 Istagram, Facebook, telefon 791762802 lub mail wjakubiecmarzena@gmail.com w tre\u015bci wiadomo\u015bci podaj: -imi\u0119 i nazwisko &#8211; numer telefonu -data \u015blubu -miejsce przygotowa\u0144 -godzin\u0119 \u015blubu a ja najszybciej jak to mo\u017cliwe skontaktuj\u0119 si\u0119 z Tob\u0105 w celu ustalenia szczeg\u00f3\u0142\u00f3w<\/p>\n","protected":false},"author":1,"featured_media":0,"parent":0,"menu_order":0,"comment_status":"closed","ping_status":"closed","template":"","meta":[],"_links":{"self":[{"href":"https:\/\/www.uroda.beskidy.pl\/index.php\/wp-json\/wp\/v2\/pages\/408"}],"collection":[{"href":"https:\/\/www.uroda.beskidy.pl\/index.php\/wp-json\/wp\/v2\/pages"}],"about":[{"href":"https:\/\/www.uroda.beskidy.pl\/index.php\/wp-json\/wp\/v2\/types\/page"}],"author":[{"embeddable":true,"href":"https:\/\/www.uroda.beskidy.pl\/index.php\/wp-json\/wp\/v2\/users\/1"}],"replies":[{"embeddable":true,"href":"https:\/\/www.uroda.beskidy.pl\/index.php\/wp-json\/wp\/v2\/comments?post=408"}],"version-history":[{"count":3,"href":"https:\/\/www.uroda.beskidy.pl\/index.php\/wp-json\/wp\/v2\/pages\/408\/revisions"}],"predecessor-version":[{"id":413,"href":"https:\/\/www.uroda.beskidy.pl\/index.php\/wp-json\/wp\/v2\/pages\/408\/revisions\/413"}],"wp:attachment":[{"href":"https:\/\/www.uroda.beskidy.pl\/index.php\/wp-json\/wp\/v2\/media?parent=408"}],"curies":[{"name":"wp","href":"https:\/\/api.w.org\/{rel}","templated":true}]}}